{"id":35,"date":"2021-08-10T19:39:04","date_gmt":"2021-08-10T17:39:04","guid":{"rendered":"https:\/\/theduck.de\/michellejost\/?page_id=35"},"modified":"2021-08-18T07:52:29","modified_gmt":"2021-08-18T05:52:29","slug":"wege-zu-uns","status":"publish","type":"page","link":"https:\/\/logopaedie-jost.de\/?page_id=35","title":{"rendered":"Wege zu Uns"},"content":{"rendered":"\n<p>Der Weg zu uns kann wie folgt geebnet werden<\/p>\n\n\n\n<ul class=\"wp-block-list\"><li>HNO-\u00c4rzte<\/li><li>Kinder-\u00c4rzte<\/li><li>Hausarzt<\/li><li>Phoniater\/P\u00e4dandiologen<\/li><li>Zahn\u00e4rzte<\/li><li>Kieferorthop\u00e4den<\/li><li>Neurologen<\/li><li>Orthop\u00e4den<\/li><\/ul>\n","protected":false},"excerpt":{"rendered":"<p>Der Weg zu uns kann wie folgt geebnet werden HNO-\u00c4rzte Kinder-\u00c4rzte Hausarzt Phoniater\/P\u00e4dandiologen Zahn\u00e4rzte Kieferorthop\u00e4den Neurologen Orthop\u00e4den<\/p>\n","protected":false},"author":1,"featured_media":0,"parent":0,"menu_order":0,"comment_status":"closed","ping_status":"closed","template":"","meta":{"_monsterinsights_skip_tracking":false,"_monsterinsights_sitenote_active":false,"_monsterinsights_sitenote_note":"","_monsterinsights_sitenote_category":0,"footnotes":""},"class_list":["post-35","page","type-page","status-publish","hentry"],"aioseo_notices":[],"jetpack_sharing_enabled":true,"_links":{"self":[{"href":"https:\/\/logopaedie-jost.de\/index.php?rest_route=\/wp\/v2\/pages\/35","targetHints":{"allow":["GET"]}}],"collection":[{"href":"https:\/\/logopaedie-jost.de\/index.php?rest_route=\/wp\/v2\/pages"}],"about":[{"href":"https:\/\/logopaedie-jost.de\/index.php?rest_route=\/wp\/v2\/types\/page"}],"author":[{"embeddable":true,"href":"https:\/\/logopaedie-jost.de\/index.php?rest_route=\/wp\/v2\/users\/1"}],"replies":[{"embeddable":true,"href":"https:\/\/logopaedie-jost.de\/index.php?rest_route=%2Fwp%2Fv2%2Fcomments&post=35"}],"version-history":[{"count":3,"href":"https:\/\/logopaedie-jost.de\/index.php?rest_route=\/wp\/v2\/pages\/35\/revisions"}],"predecessor-version":[{"id":132,"href":"https:\/\/logopaedie-jost.de\/index.php?rest_route=\/wp\/v2\/pages\/35\/revisions\/132"}],"wp:attachment":[{"href":"https:\/\/logopaedie-jost.de\/index.php?rest_route=%2Fwp%2Fv2%2Fmedia&parent=35"}],"curies":[{"name":"wp","href":"https:\/\/api.w.org\/{rel}","templated":true}]}}