{"id":33,"date":"2021-08-10T19:38:40","date_gmt":"2021-08-10T17:38:40","guid":{"rendered":"https:\/\/theduck.de\/michellejost\/?page_id=33"},"modified":"2021-09-01T19:05:29","modified_gmt":"2021-09-01T17:05:29","slug":"thearpieangebote","status":"publish","type":"page","link":"https:\/\/logopaedie-jost.de\/?page_id=33","title":{"rendered":"Therapieangebote"},"content":{"rendered":"\n<p>Erwachsene:<\/p>\n\n\n\n<ul class=\"wp-block-list\"><li>Stimmst\u00f6rungen<\/li><li>Neurologische Erkrankungen: Parkinson, Demenz, L\u00e4hmungen im Gesichtsbereich, Zustand nach Tumorerkrankung, Zustand nach Schlaganfall<\/li><li>Dysphagien: Schluckst\u00f6rung<\/li><li>Therapie bei Tracheostoma, Beatmung und Koma<\/li><li>Laryngektomie: Zustand nach Kehlkopfentfernung<\/li><li>Dysarthrie: St\u00f6rung der Aussprache<\/li><li>Sprechapraxie: St\u00f6rung der Artikulationsbewegung<\/li><li>H\u00f6rst\u00f6rungen in Kombination mit Problemen bei der Aussprache, bspw. bei Cochlea Implantat<\/li><\/ul>\n\n\n\n<p>Kinder:<\/p>\n\n\n\n<ul class=\"wp-block-list\"><li>Myofunktionelle St\u00f6rungen \/ Zungenvorsto\u00df beim Schlucken<\/li><li>Sprachentwicklungsverz\u00f6gerung<\/li><li>Sprachentwicklungsst\u00f6rung<\/li><li>Dysgrammatismus<\/li><li>Hilfen bei Mehrsprachigkeit\u00a0<\/li><li>Eingeschr\u00e4nkter aktiver und passiver Wortschatz<\/li><li>St\u00f6rung des H\u00f6rens und der auditiven Wahrnehmung<\/li><li>Redeflussst\u00f6rungen<\/li><\/ul>\n","protected":false},"excerpt":{"rendered":"<p>Erwachsene: Stimmst\u00f6rungen Neurologische Erkrankungen: Parkinson, Demenz, L\u00e4hmungen im Gesichtsbereich, Zustand nach Tumorerkrankung, Zustand nach Schlaganfall Dysphagien: Schluckst\u00f6rung Therapie bei Tracheostoma, Beatmung und Koma Laryngektomie: Zustand nach Kehlkopfentfernung Dysarthrie: St\u00f6rung der Aussprache Sprechapraxie: St\u00f6rung der Artikulationsbewegung H\u00f6rst\u00f6rungen in Kombination mit Problemen bei der Aussprache, bspw. bei Cochlea Implantat Kinder: Myofunktionelle St\u00f6rungen [&hellip;]<\/p>\n","protected":false},"author":1,"featured_media":0,"parent":0,"menu_order":0,"comment_status":"closed","ping_status":"closed","template":"","meta":{"_monsterinsights_skip_tracking":false,"_monsterinsights_sitenote_active":false,"_monsterinsights_sitenote_note":"","_monsterinsights_sitenote_category":0,"footnotes":""},"class_list":["post-33","page","type-page","status-publish","hentry"],"aioseo_notices":[],"jetpack_sharing_enabled":true,"_links":{"self":[{"href":"https:\/\/logopaedie-jost.de\/index.php?rest_route=\/wp\/v2\/pages\/33","targetHints":{"allow":["GET"]}}],"collection":[{"href":"https:\/\/logopaedie-jost.de\/index.php?rest_route=\/wp\/v2\/pages"}],"about":[{"href":"https:\/\/logopaedie-jost.de\/index.php?rest_route=\/wp\/v2\/types\/page"}],"author":[{"embeddable":true,"href":"https:\/\/logopaedie-jost.de\/index.php?rest_route=\/wp\/v2\/users\/1"}],"replies":[{"embeddable":true,"href":"https:\/\/logopaedie-jost.de\/index.php?rest_route=%2Fwp%2Fv2%2Fcomments&post=33"}],"version-history":[{"count":4,"href":"https:\/\/logopaedie-jost.de\/index.php?rest_route=\/wp\/v2\/pages\/33\/revisions"}],"predecessor-version":[{"id":146,"href":"https:\/\/logopaedie-jost.de\/index.php?rest_route=\/wp\/v2\/pages\/33\/revisions\/146"}],"wp:attachment":[{"href":"https:\/\/logopaedie-jost.de\/index.php?rest_route=%2Fwp%2Fv2%2Fmedia&parent=33"}],"curies":[{"name":"wp","href":"https:\/\/api.w.org\/{rel}","templated":true}]}}